{"id":2,"date":"2025-08-26T15:21:16","date_gmt":"2025-08-26T15:21:16","guid":{"rendered":"https:\/\/sgpconsultoria.com\/?page_id=2"},"modified":"2025-08-26T16:40:43","modified_gmt":"2025-08-26T16:40:43","slug":"sample-page","status":"publish","type":"page","link":"https:\/\/sgpconsultoria.com\/index.php\/sample-page\/","title":{"rendered":"Qui\u00e9nes Somos"},"content":{"rendered":"\r\n<p>Qui\u00e9nes somos y a qu\u00e9 nos dedicamos:<\/p>\r\n\r\n\r\n\r\n<blockquote class=\"wp-block-quote is-layout-flow wp-block-quote-is-layout-flow\">\r\n<p>Una iniciativa con experiencia en la MiPyME en soluciones a la medida y dimensi\u00f3n de su empresa, orientada a reforzar la eficiencia en las operaciones de su organizaci\u00f3n para mejorar, como consecuencia, los m\u00e1rgenes de utilidad del negocio.<\/p>\r\n<\/blockquote>\r\n\r\n\r\n\r\n<p>&#8230;contamos con experiencia y\u00a0<\/p>\r\n\r\n\r\n\r\n<blockquote class=\"wp-block-quote is-layout-flow wp-block-quote-is-layout-flow\">\r\n<p>con fortalezas especiales en la medici\u00f3n de la productividad y de la calidad en las actividades laborales, as\u00ed como en la generaci\u00f3n de flujos de informaci\u00f3n gerencial para la gesti\u00f3n de las operaciones.<br \/>As\u00ed mismo, con fortalezas en el dise\u00f1o de soluciones de tipo herramental para las diferentes \u00e1reas de la empresa.<\/p>\r\n<\/blockquote>\r\n\r\n\r\n\r\n<p>A<\/p>\r\n","protected":false},"excerpt":{"rendered":"<p>Qui\u00e9nes somos y a qu\u00e9 nos dedicamos: Una iniciativa con experiencia en la MiPyME en soluciones a la medida y dimensi\u00f3n de su empresa, orientada a reforzar la eficiencia en las operaciones de su organizaci\u00f3n para mejorar, como consecuencia, los m\u00e1rgenes de utilidad del negocio. &#8230;contamos con experiencia y\u00a0 con fortalezas especiales en la medici\u00f3n&#8230;<\/p>\n","protected":false},"author":1,"featured_media":0,"parent":0,"menu_order":0,"comment_status":"closed","ping_status":"open","template":"","meta":{"_kad_post_transparent":"default","_kad_post_title":"default","_kad_post_layout":"default","_kad_post_sidebar_id":"","_kad_post_content_style":"default","_kad_post_vertical_padding":"default","_kad_post_feature":"","_kad_post_feature_position":"","_kad_post_header":false,"_kad_post_footer":false,"footnotes":""},"class_list":["post-2","page","type-page","status-publish","hentry"],"_links":{"self":[{"href":"https:\/\/sgpconsultoria.com\/index.php\/wp-json\/wp\/v2\/pages\/2","targetHints":{"allow":["GET"]}}],"collection":[{"href":"https:\/\/sgpconsultoria.com\/index.php\/wp-json\/wp\/v2\/pages"}],"about":[{"href":"https:\/\/sgpconsultoria.com\/index.php\/wp-json\/wp\/v2\/types\/page"}],"author":[{"embeddable":true,"href":"https:\/\/sgpconsultoria.com\/index.php\/wp-json\/wp\/v2\/users\/1"}],"replies":[{"embeddable":true,"href":"https:\/\/sgpconsultoria.com\/index.php\/wp-json\/wp\/v2\/comments?post=2"}],"version-history":[{"count":3,"href":"https:\/\/sgpconsultoria.com\/index.php\/wp-json\/wp\/v2\/pages\/2\/revisions"}],"predecessor-version":[{"id":9,"href":"https:\/\/sgpconsultoria.com\/index.php\/wp-json\/wp\/v2\/pages\/2\/revisions\/9"}],"wp:attachment":[{"href":"https:\/\/sgpconsultoria.com\/index.php\/wp-json\/wp\/v2\/media?parent=2"}],"curies":[{"name":"wp","href":"https:\/\/api.w.org\/{rel}","templated":true}]}}